{"id":14,"date":"2025-03-11T13:16:43","date_gmt":"2025-03-11T12:16:43","guid":{"rendered":"https:\/\/www.cimbalovekurzy.cz\/?page_id=14"},"modified":"2025-11-07T12:01:40","modified_gmt":"2025-11-07T11:01:40","slug":"elementor-14","status":"publish","type":"page","link":"https:\/\/www.cimbalovekurzy.cz\/","title":{"rendered":"uvod"},"content":{"rendered":"\t\t<div data-elementor-type=\"wp-page\" data-elementor-id=\"14\" class=\"elementor elementor-14\">\n\t\t\t\t<div class=\"elementor-element elementor-element-d9adfc5 e-flex e-con-boxed e-con e-parent\" data-id=\"d9adfc5\" data-element_type=\"container\" data-settings=\"{&quot;background_background&quot;:&quot;slideshow&quot;,&quot;background_slideshow_gallery&quot;:[{&quot;id&quot;:19,&quot;url&quot;:&quot;https:\\\/\\\/www.cimbalovekurzy.cz\\\/wp-content\\\/uploads\\\/2025\\\/03\\\/Sobota-254.jpg&quot;},{&quot;id&quot;:25,&quot;url&quot;:&quot;https:\\\/\\\/www.cimbalovekurzy.cz\\\/wp-content\\\/uploads\\\/2025\\\/03\\\/Patek-193.jpg&quot;},{&quot;id&quot;:26,&quot;url&quot;:&quot;https:\\\/\\\/www.cimbalovekurzy.cz\\\/wp-content\\\/uploads\\\/2025\\\/03\\\/Sobota-130.jpg&quot;},{&quot;id&quot;:66,&quot;url&quot;:&quot;https:\\\/\\\/www.cimbalovekurzy.cz\\\/wp-content\\\/uploads\\\/2025\\\/03\\\/Patek-140.jpg&quot;},{&quot;id&quot;:67,&quot;url&quot;:&quot;https:\\\/\\\/www.cimbalovekurzy.cz\\\/wp-content\\\/uploads\\\/2025\\\/03\\\/Sobota-37.jpg&quot;}],&quot;background_slideshow_loop&quot;:&quot;yes&quot;,&quot;background_slideshow_slide_duration&quot;:5000,&quot;background_slideshow_slide_transition&quot;:&quot;fade&quot;,&quot;background_slideshow_transition_duration&quot;:500}\">\n\t\t\t\t\t<div class=\"e-con-inner\">\n\t\t\t\t\t<\/div>\n\t\t\t\t<\/div>\n\t\t<div class=\"elementor-element elementor-element-489ec2f e-con-full e-flex e-con e-parent\" data-id=\"489ec2f\" data-element_type=\"container\" data-settings=\"{&quot;background_background&quot;:&quot;classic&quot;}\">\n\t\t\t\t<div class=\"elementor-element elementor-element-3f30e3c elementor-widget elementor-widget-heading\" data-id=\"3f30e3c\" data-element_type=\"widget\" data-widget_type=\"heading.default\">\n\t\t\t\t<div class=\"elementor-widget-container\">\n\t\t\t\t\t<h2 class=\"elementor-heading-title elementor-size-default\">vzd\u011bl\u00e1vac\u00ed kurzy pro pedagogy*\u017eky<br><\/h2>\t\t\t\t<\/div>\n\t\t\t\t<\/div>\n\t\t\t\t<div class=\"elementor-element elementor-element-8150dfe elementor-widget elementor-widget-heading\" data-id=\"8150dfe\" data-element_type=\"widget\" data-widget_type=\"heading.default\">\n\t\t\t\t<div class=\"elementor-widget-container\">\n\t\t\t\t\t<h2 class=\"elementor-heading-title elementor-size-default\">22. 11. 2025 \/Brno\/<\/h2>\t\t\t\t<\/div>\n\t\t\t\t<\/div>\n\t\t\t\t<div class=\"elementor-element elementor-element-e3c4317 elementor-widget elementor-widget-heading\" data-id=\"e3c4317\" data-element_type=\"widget\" data-widget_type=\"heading.default\">\n\t\t\t\t<div class=\"elementor-widget-container\">\n\t\t\t\t\t<h2 class=\"elementor-heading-title elementor-size-default\"><span style=\"font-weight:normal\" id=\"docs-internal-guid-18216e36-7fff-208d-a674-9a18e6e24036\"><span style=\"font-size: 11pt;font-family: Arial, sans-serif;background-color: transparent;font-style: italic;vertical-align: baseline\">Star\u00e1 hudba pro d\u011bti (zam\u011b\u0159eno na 1. cyklus v\u00fduky na ZU\u0160) \u2013 p\u0159\u00edstup, zdroje, z\u00e1klady polyfonie, pedalizace, artikulace<br>lektorka: Andrea Stra\u010dinov\u00e1<\/span><\/span><\/h2>\t\t\t\t<\/div>\n\t\t\t\t<\/div>\n\t\t\t\t<div class=\"elementor-element elementor-element-8709847 elementor-widget elementor-widget-button\" data-id=\"8709847\" data-element_type=\"widget\" data-widget_type=\"button.default\">\n\t\t\t\t<div class=\"elementor-widget-container\">\n\t\t\t\t\t\t\t\t\t<div class=\"elementor-button-wrapper\">\n\t\t\t\t\t<a class=\"elementor-button elementor-button-link elementor-size-sm\" href=\"https:\/\/forms.gle\/gtZFkgF7vSiQcWDK7\">\n\t\t\t\t\t\t<span class=\"elementor-button-content-wrapper\">\n\t\t\t\t\t\t<span class=\"elementor-button-icon\">\n\t\t\t\t<svg aria-hidden=\"true\" class=\"e-font-icon-svg e-far-arrow-alt-circle-right\" viewBox=\"0 0 512 512\" xmlns=\"http:\/\/www.w3.org\/2000\/svg\"><path d=\"M504 256C504 119 393 8 256 8S8 119 8 256s111 248 248 248 248-111 248-248zm-448 0c0-110.5 89.5-200 200-200s200 89.5 200 200-89.5 200-200 200S56 366.5 56 256zm72 20v-40c0-6.6 5.4-12 12-12h116v-67c0-10.7 12.9-16 20.5-8.5l99 99c4.7 4.7 4.7 12.3 0 17l-99 99c-7.6 7.6-20.5 2.2-20.5-8.5v-67H140c-6.6 0-12-5.4-12-12z\"><\/path><\/svg>\t\t\t<\/span>\n\t\t\t\t\t\t\t\t\t<span class=\"elementor-button-text\">p\u0159ihl\u00e1\u0161ka<\/span>\n\t\t\t\t\t<\/span>\n\t\t\t\t\t<\/a>\n\t\t\t\t<\/div>\n\t\t\t\t\t\t\t\t<\/div>\n\t\t\t\t<\/div>\n\t\t\t\t<div class=\"elementor-element elementor-element-c33f320 elementor-widget elementor-widget-heading\" data-id=\"c33f320\" data-element_type=\"widget\" data-widget_type=\"heading.default\">\n\t\t\t\t<div class=\"elementor-widget-container\">\n\t\t\t\t\t<h2 class=\"elementor-heading-title elementor-size-default\">24. 1. 2026 \/Ostrava\/<\/h2>\t\t\t\t<\/div>\n\t\t\t\t<\/div>\n\t\t\t\t<div class=\"elementor-element elementor-element-cdb4e79 elementor-widget elementor-widget-heading\" data-id=\"cdb4e79\" data-element_type=\"widget\" data-widget_type=\"heading.default\">\n\t\t\t\t<div class=\"elementor-widget-container\">\n\t\t\t\t\t<h2 class=\"elementor-heading-title elementor-size-default\"><span style=\"font-weight:normal\"><span style=\"font-size: 11pt;font-family: Arial, sans-serif;background-color: transparent;font-style: italic;vertical-align: baseline\">Osobnosti cimb\u00e1lov\u00e9 literatury I.: Vojt\u011bch Brada, Albert Pek&nbsp; (hudebn\u00ed rozbor a interpretace skladeb)<\/span><\/span><br><span style=\"font-weight:normal\"><span style=\"font-size: 11pt;font-family: Arial, sans-serif;background-color: transparent;font-style: italic;vertical-align: baseline\">lekto\u0159i: Daniel Sk\u00e1la, Petr Sp\u011bv\u00e1k<\/span><\/span><\/h2>\t\t\t\t<\/div>\n\t\t\t\t<\/div>\n\t\t\t\t<div class=\"elementor-element elementor-element-aa5b500 elementor-widget elementor-widget-button\" data-id=\"aa5b500\" data-element_type=\"widget\" data-widget_type=\"button.default\">\n\t\t\t\t<div class=\"elementor-widget-container\">\n\t\t\t\t\t\t\t\t\t<div class=\"elementor-button-wrapper\">\n\t\t\t\t\t<a class=\"elementor-button elementor-button-link elementor-size-sm\" href=\"https:\/\/forms.gle\/aHHX8FXy5qMi6SEj6\">\n\t\t\t\t\t\t<span class=\"elementor-button-content-wrapper\">\n\t\t\t\t\t\t<span class=\"elementor-button-icon\">\n\t\t\t\t<svg aria-hidden=\"true\" class=\"e-font-icon-svg e-far-arrow-alt-circle-right\" viewBox=\"0 0 512 512\" xmlns=\"http:\/\/www.w3.org\/2000\/svg\"><path d=\"M504 256C504 119 393 8 256 8S8 119 8 256s111 248 248 248 248-111 248-248zm-448 0c0-110.5 89.5-200 200-200s200 89.5 200 200-89.5 200-200 200S56 366.5 56 256zm72 20v-40c0-6.6 5.4-12 12-12h116v-67c0-10.7 12.9-16 20.5-8.5l99 99c4.7 4.7 4.7 12.3 0 17l-99 99c-7.6 7.6-20.5 2.2-20.5-8.5v-67H140c-6.6 0-12-5.4-12-12z\"><\/path><\/svg>\t\t\t<\/span>\n\t\t\t\t\t\t\t\t\t<span class=\"elementor-button-text\">p\u0159ihl\u00e1\u0161ka<\/span>\n\t\t\t\t\t<\/span>\n\t\t\t\t\t<\/a>\n\t\t\t\t<\/div>\n\t\t\t\t\t\t\t\t<\/div>\n\t\t\t\t<\/div>\n\t\t\t\t<div class=\"elementor-element elementor-element-1b016c0 elementor-widget elementor-widget-heading\" data-id=\"1b016c0\" data-element_type=\"widget\" data-widget_type=\"heading.default\">\n\t\t\t\t<div class=\"elementor-widget-container\">\n\t\t\t\t\t<h2 class=\"elementor-heading-title elementor-size-default\">11. 4. 2026 \/Brno\/<\/h2>\t\t\t\t<\/div>\n\t\t\t\t<\/div>\n\t\t\t\t<div class=\"elementor-element elementor-element-34e5da6 elementor-widget elementor-widget-heading\" data-id=\"34e5da6\" data-element_type=\"widget\" data-widget_type=\"heading.default\">\n\t\t\t\t<div class=\"elementor-widget-container\">\n\t\t\t\t\t<h2 class=\"elementor-heading-title elementor-size-default\"><span style=\"font-weight:normal\"><span style=\"font-size: 11pt;font-family: Arial, sans-serif;background-color: transparent;font-style: italic;vertical-align: baseline\">Kreativn\u00ed p\u0159\u00edstup na ZU\u0160: roz\u0161\u00ed\u0159en\u00e9 techniky a improvizace<\/span><\/span><br><span style=\"font-weight:normal\"><span style=\"font-size: 11pt;font-family: Arial, sans-serif;background-color: transparent;font-style: italic;vertical-align: baseline\">lekto\u0159i: Michal Grombi\u0159\u00edk, Jaroslav \u0160\u0165astn\u00fd<\/span><\/span><\/h2>\t\t\t\t<\/div>\n\t\t\t\t<\/div>\n\t\t\t\t<div class=\"elementor-element elementor-element-80929bb elementor-widget elementor-widget-button\" data-id=\"80929bb\" data-element_type=\"widget\" data-widget_type=\"button.default\">\n\t\t\t\t<div class=\"elementor-widget-container\">\n\t\t\t\t\t\t\t\t\t<div class=\"elementor-button-wrapper\">\n\t\t\t\t\t<a class=\"elementor-button elementor-button-link elementor-size-sm\" href=\"https:\/\/forms.gle\/UBffmYsNrUsaBcTR6\">\n\t\t\t\t\t\t<span class=\"elementor-button-content-wrapper\">\n\t\t\t\t\t\t<span class=\"elementor-button-icon\">\n\t\t\t\t<svg aria-hidden=\"true\" class=\"e-font-icon-svg e-far-arrow-alt-circle-right\" viewBox=\"0 0 512 512\" xmlns=\"http:\/\/www.w3.org\/2000\/svg\"><path d=\"M504 256C504 119 393 8 256 8S8 119 8 256s111 248 248 248 248-111 248-248zm-448 0c0-110.5 89.5-200 200-200s200 89.5 200 200-89.5 200-200 200S56 366.5 56 256zm72 20v-40c0-6.6 5.4-12 12-12h116v-67c0-10.7 12.9-16 20.5-8.5l99 99c4.7 4.7 4.7 12.3 0 17l-99 99c-7.6 7.6-20.5 2.2-20.5-8.5v-67H140c-6.6 0-12-5.4-12-12z\"><\/path><\/svg>\t\t\t<\/span>\n\t\t\t\t\t\t\t\t\t<span class=\"elementor-button-text\">p\u0159ihl\u00e1\u0161ka<\/span>\n\t\t\t\t\t<\/span>\n\t\t\t\t\t<\/a>\n\t\t\t\t<\/div>\n\t\t\t\t\t\t\t\t<\/div>\n\t\t\t\t<\/div>\n\t\t\t\t<\/div>\n\t\t<div class=\"elementor-element elementor-element-e627a9f e-con-full e-flex e-con e-parent\" data-id=\"e627a9f\" data-element_type=\"container\" data-settings=\"{&quot;background_background&quot;:&quot;classic&quot;}\">\n\t\t\t\t<div class=\"elementor-element elementor-element-43098ec elementor-widget elementor-widget-heading\" data-id=\"43098ec\" data-element_type=\"widget\" data-widget_type=\"heading.default\">\n\t\t\t\t<div class=\"elementor-widget-container\">\n\t\t\t\t\t<h2 class=\"elementor-heading-title elementor-size-default\">letn\u00ed cimb\u00e1lov\u00e9 kurzy<\/h2>\t\t\t\t<\/div>\n\t\t\t\t<\/div>\n\t\t\t\t<div class=\"elementor-element elementor-element-2eb0760 elementor-widget elementor-widget-heading\" data-id=\"2eb0760\" data-element_type=\"widget\" data-widget_type=\"heading.default\">\n\t\t\t\t<div class=\"elementor-widget-container\">\n\t\t\t\t\t<h2 class=\"elementor-heading-title elementor-size-default\">(kurzy pro za\u010d\u00ednaj\u00edc\u00ed i pokro\u010dil\u00e9)<\/h2>\t\t\t\t<\/div>\n\t\t\t\t<\/div>\n\t\t\t\t<div class=\"elementor-element elementor-element-f3d5c85 elementor-widget elementor-widget-heading\" data-id=\"f3d5c85\" data-element_type=\"widget\" data-widget_type=\"heading.default\">\n\t\t\t\t<div class=\"elementor-widget-container\">\n\t\t\t\t\t<h2 class=\"elementor-heading-title elementor-size-default\">19. - 26. 7. 2026<\/h2>\t\t\t\t<\/div>\n\t\t\t\t<\/div>\n\t\t\t\t<div class=\"elementor-element elementor-element-4bf8a3e elementor-align-center elementor-widget elementor-widget-button\" data-id=\"4bf8a3e\" data-element_type=\"widget\" data-widget_type=\"button.default\">\n\t\t\t\t<div class=\"elementor-widget-container\">\n\t\t\t\t\t\t\t\t\t<div class=\"elementor-button-wrapper\">\n\t\t\t\t\t<a class=\"elementor-button elementor-size-sm\" role=\"button\">\n\t\t\t\t\t\t<span class=\"elementor-button-content-wrapper\">\n\t\t\t\t\t\t\t\t\t<span class=\"elementor-button-text\">p\u0159ihl\u00e1\u0161ka<\/span>\n\t\t\t\t\t<\/span>\n\t\t\t\t\t<\/a>\n\t\t\t\t<\/div>\n\t\t\t\t\t\t\t\t<\/div>\n\t\t\t\t<\/div>\n\t\t\t\t<\/div>\n\t\t<div class=\"elementor-element elementor-element-dd3df1c e-con-full e-flex e-con e-parent\" data-id=\"dd3df1c\" data-element_type=\"container\" data-settings=\"{&quot;background_background&quot;:&quot;classic&quot;}\">\n\t\t\t\t<div class=\"elementor-element elementor-element-13cc667 elementor-widget elementor-widget-heading\" data-id=\"13cc667\" data-element_type=\"widget\" data-widget_type=\"heading.default\">\n\t\t\t\t<div class=\"elementor-widget-container\">\n\t\t\t\t\t<h2 class=\"elementor-heading-title elementor-size-default\">podzimn\u00ed cimb\u00e1lov\u00e9 kurzy<\/h2>\t\t\t\t<\/div>\n\t\t\t\t<\/div>\n\t\t\t\t<div class=\"elementor-element elementor-element-4dca2bd elementor-widget elementor-widget-heading\" data-id=\"4dca2bd\" data-element_type=\"widget\" data-widget_type=\"heading.default\">\n\t\t\t\t<div class=\"elementor-widget-container\">\n\t\t\t\t\t<h2 class=\"elementor-heading-title elementor-size-default\">(kurzy pro pokro\u010dil\u00e9)<\/h2>\t\t\t\t<\/div>\n\t\t\t\t<\/div>\n\t\t\t\t<div class=\"elementor-element elementor-element-06a2719 elementor-widget elementor-widget-heading\" data-id=\"06a2719\" data-element_type=\"widget\" data-widget_type=\"heading.default\">\n\t\t\t\t<div class=\"elementor-widget-container\">\n\t\t\t\t\t<h2 class=\"elementor-heading-title elementor-size-default\">27. - 31. 10. 2026<\/h2>\t\t\t\t<\/div>\n\t\t\t\t<\/div>\n\t\t\t\t<div class=\"elementor-element elementor-element-a4c7f76 elementor-align-center elementor-widget elementor-widget-button\" data-id=\"a4c7f76\" data-element_type=\"widget\" data-widget_type=\"button.default\">\n\t\t\t\t<div class=\"elementor-widget-container\">\n\t\t\t\t\t\t\t\t\t<div class=\"elementor-button-wrapper\">\n\t\t\t\t\t<a class=\"elementor-button elementor-size-sm\" role=\"button\">\n\t\t\t\t\t\t<span class=\"elementor-button-content-wrapper\">\n\t\t\t\t\t\t\t\t\t<span class=\"elementor-button-text\">p\u0159ihl\u00e1\u0161ka<\/span>\n\t\t\t\t\t<\/span>\n\t\t\t\t\t<\/a>\n\t\t\t\t<\/div>\n\t\t\t\t\t\t\t\t<\/div>\n\t\t\t\t<\/div>\n\t\t\t\t<\/div>\n\t\t<div class=\"elementor-element elementor-element-5620650 e-flex e-con-boxed e-con e-parent\" data-id=\"5620650\" data-element_type=\"container\">\n\t\t\t\t\t<div class=\"e-con-inner\">\n\t\t<div class=\"elementor-element elementor-element-7af0ca8 e-con-full e-flex e-con e-child\" data-id=\"7af0ca8\" data-element_type=\"container\">\n\t\t\t\t<div class=\"elementor-element elementor-element-b23f443 elementor-widget elementor-widget-heading\" data-id=\"b23f443\" data-element_type=\"widget\" data-widget_type=\"heading.default\">\n\t\t\t\t<div class=\"elementor-widget-container\">\n\t\t\t\t\t<h2 class=\"elementor-heading-title elementor-size-default\">projekt se kon\u00e1 za finan\u010dn\u00ed podpory MK\u010cR<\/h2>\t\t\t\t<\/div>\n\t\t\t\t<\/div>\n\t\t\t\t<\/div>\n\t\t<div class=\"elementor-element elementor-element-c38155d e-con-full e-flex e-con e-child\" data-id=\"c38155d\" data-element_type=\"container\">\n\t\t\t\t<div class=\"elementor-element elementor-element-c60b6f0 elementor-widget elementor-widget-image\" data-id=\"c60b6f0\" data-element_type=\"widget\" data-widget_type=\"image.default\">\n\t\t\t\t<div class=\"elementor-widget-container\">\n\t\t\t\t\t\t\t\t\t\t\t\t\t\t\t<img fetchpriority=\"high\" decoding=\"async\" width=\"800\" height=\"246\" src=\"https:\/\/www.cimbalovekurzy.cz\/wp-content\/uploads\/2025\/04\/bar.ces_.poz_.jpg\" class=\"attachment-large size-large wp-image-414\" alt=\"\" srcset=\"https:\/\/www.cimbalovekurzy.cz\/wp-content\/uploads\/2025\/04\/bar.ces_.poz_.jpg 979w, https:\/\/www.cimbalovekurzy.cz\/wp-content\/uploads\/2025\/04\/bar.ces_.poz_-300x92.jpg 300w, https:\/\/www.cimbalovekurzy.cz\/wp-content\/uploads\/2025\/04\/bar.ces_.poz_-768x236.jpg 768w\" sizes=\"(max-width: 800px) 100vw, 800px\" \/>\t\t\t\t\t\t\t\t\t\t\t\t\t\t\t<\/div>\n\t\t\t\t<\/div>\n\t\t\t\t<\/div>\n\t\t\t\t\t<\/div>\n\t\t\t\t<\/div>\n\t\t\t\t<\/div>\n\t\t","protected":false},"excerpt":{"rendered":"<p>vzd\u011bl\u00e1vac\u00ed kurzy pro pedagogy*\u017eky 22. 11. 2025 \/Brno\/ Star\u00e1 hudba pro d\u011bti (zam\u011b\u0159eno na 1. cyklus v\u00fduky na ZU\u0160) \u2013 p\u0159\u00edstup, zdroje, z\u00e1klady polyfonie, pedalizace, artikulacelektorka: Andrea Stra\u010dinov\u00e1 p\u0159ihl\u00e1\u0161ka 24. 1. 2026 \/Ostrava\/ Osobnosti cimb\u00e1lov\u00e9 literatury I.: Vojt\u011bch Brada, Albert Pek&nbsp; (hudebn\u00ed rozbor a interpretace skladeb)lekto\u0159i: Daniel Sk\u00e1la, Petr Sp\u011bv\u00e1k p\u0159ihl\u00e1\u0161ka 11. 4. 2026 \/Brno\/ [&hellip;]<\/p>\n","protected":false},"author":1,"featured_media":0,"parent":0,"menu_order":0,"comment_status":"closed","ping_status":"closed","template":"","meta":{"footnotes":""},"class_list":["post-14","page","type-page","status-publish","hentry"],"_links":{"self":[{"href":"https:\/\/www.cimbalovekurzy.cz\/index.php?rest_route=\/wp\/v2\/pages\/14","targetHints":{"allow":["GET"]}}],"collection":[{"href":"https:\/\/www.cimbalovekurzy.cz\/index.php?rest_route=\/wp\/v2\/pages"}],"about":[{"href":"https:\/\/www.cimbalovekurzy.cz\/index.php?rest_route=\/wp\/v2\/types\/page"}],"author":[{"embeddable":true,"href":"https:\/\/www.cimbalovekurzy.cz\/index.php?rest_route=\/wp\/v2\/users\/1"}],"replies":[{"embeddable":true,"href":"https:\/\/www.cimbalovekurzy.cz\/index.php?rest_route=%2Fwp%2Fv2%2Fcomments&post=14"}],"version-history":[{"count":118,"href":"https:\/\/www.cimbalovekurzy.cz\/index.php?rest_route=\/wp\/v2\/pages\/14\/revisions"}],"predecessor-version":[{"id":504,"href":"https:\/\/www.cimbalovekurzy.cz\/index.php?rest_route=\/wp\/v2\/pages\/14\/revisions\/504"}],"wp:attachment":[{"href":"https:\/\/www.cimbalovekurzy.cz\/index.php?rest_route=%2Fwp%2Fv2%2Fmedia&parent=14"}],"curies":[{"name":"wp","href":"https:\/\/api.w.org\/{rel}","templated":true}]}}