{"id":17,"date":"2025-03-11T13:28:01","date_gmt":"2025-03-11T12:28:01","guid":{"rendered":"https:\/\/www.cimbalovekurzy.cz\/?page_id=17"},"modified":"2025-11-07T12:01:59","modified_gmt":"2025-11-07T11:01:59","slug":"elementor-stranka-17","status":"publish","type":"page","link":"https:\/\/www.cimbalovekurzy.cz\/?page_id=17","title":{"rendered":"letn\u00ed kurzy"},"content":{"rendered":"\t\t<div data-elementor-type=\"wp-page\" data-elementor-id=\"17\" class=\"elementor elementor-17\">\n\t\t\t\t<div class=\"elementor-element elementor-element-cf4fe99 e-flex e-con-boxed e-con e-parent\" data-id=\"cf4fe99\" data-element_type=\"container\" data-settings=\"{&quot;background_background&quot;:&quot;classic&quot;}\">\n\t\t\t\t\t<div class=\"e-con-inner\">\n\t\t\t\t\t<\/div>\n\t\t\t\t<\/div>\n\t\t<div class=\"elementor-element elementor-element-1276fbd e-flex e-con-boxed e-con e-parent\" data-id=\"1276fbd\" data-element_type=\"container\">\n\t\t\t\t\t<div class=\"e-con-inner\">\n\t\t\t\t<div class=\"elementor-element elementor-element-616a74c elementor-widget elementor-widget-heading\" data-id=\"616a74c\" data-element_type=\"widget\" data-widget_type=\"heading.default\">\n\t\t\t\t<div class=\"elementor-widget-container\">\n\t\t\t\t\t<h2 class=\"elementor-heading-title elementor-size-default\">letn\u00ed cimb\u00e1lov\u00e9 kurzy<br>19. - 26. 7. 2026<\/h2>\t\t\t\t<\/div>\n\t\t\t\t<\/div>\n\t\t\t\t\t<\/div>\n\t\t\t\t<\/div>\n\t\t<div class=\"elementor-element elementor-element-215ed1b e-flex e-con-boxed e-con e-parent\" data-id=\"215ed1b\" data-element_type=\"container\">\n\t\t\t\t\t<div class=\"e-con-inner\">\n\t\t\t\t<div class=\"elementor-element elementor-element-80fb09b elementor-widget elementor-widget-button\" data-id=\"80fb09b\" data-element_type=\"widget\" data-widget_type=\"button.default\">\n\t\t\t\t<div class=\"elementor-widget-container\">\n\t\t\t\t\t\t\t\t\t<div class=\"elementor-button-wrapper\">\n\t\t\t\t\t<a class=\"elementor-button elementor-size-sm\" role=\"button\">\n\t\t\t\t\t\t<span class=\"elementor-button-content-wrapper\">\n\t\t\t\t\t\t\t\t\t<span class=\"elementor-button-text\">P\u0159ihl\u00e1\u0161ka<\/span>\n\t\t\t\t\t<\/span>\n\t\t\t\t\t<\/a>\n\t\t\t\t<\/div>\n\t\t\t\t\t\t\t\t<\/div>\n\t\t\t\t<\/div>\n\t\t\t\t\t<\/div>\n\t\t\t\t<\/div>\n\t\t<div class=\"elementor-element elementor-element-239cb5b e-flex e-con-boxed e-con e-parent\" data-id=\"239cb5b\" data-element_type=\"container\">\n\t\t\t\t\t<div class=\"e-con-inner\">\n\t\t\t\t<div class=\"elementor-element elementor-element-edf7e95 elementor-widget elementor-widget-text-editor\" data-id=\"edf7e95\" data-element_type=\"widget\" data-widget_type=\"text-editor.default\">\n\t\t\t\t<div class=\"elementor-widget-container\">\n\t\t\t\t\t\t\t\t\t<p class=\"cvGsUA direction-ltr align-start para-style-body\"><span style=\"color: #000000;\"><strong><span class=\"OYPEnA font-feature-liga-off font-feature-clig-off font-feature-calt-off text-decoration-none text-strikethrough-none\">M\u00edsto:<\/span><\/strong><span class=\"OYPEnA font-feature-liga-off font-feature-clig-off font-feature-calt-off text-decoration-none text-strikethrough-none\"> hotel Partyz\u00e1n Mor\u00e1vka<\/span><\/span><\/p>\n<p class=\"cvGsUA direction-ltr align-start para-style-body\"><span style=\"color: #000000;\"><strong><span class=\"OYPEnA font-feature-liga-off font-feature-clig-off font-feature-calt-off text-decoration-none text-strikethrough-none\">Cena:<\/span><\/strong><span class=\"OYPEnA font-feature-liga-off font-feature-clig-off font-feature-calt-off text-decoration-none text-strikethrough-none\"> 6900,- K\u010d (cena zahrnuje kurzovn\u00e9, plnou penzi a ubytov\u00e1n\u00ed)<\/span><\/span><\/p>\n<p class=\"cvGsUA direction-ltr align-start para-style-body\"><span style=\"color: #000000;\"><strong><span class=\"OYPEnA font-feature-liga-off font-feature-clig-off font-feature-calt-off text-decoration-none text-strikethrough-none\">Doporu\u010den\u00fd v\u011bk:<\/span><\/strong><span class=\"OYPEnA font-feature-liga-off font-feature-clig-off font-feature-calt-off text-decoration-none text-strikethrough-none\"> 6 \u2013 cca 18 let<\/span><\/span><\/p>\n<p class=\"cvGsUA direction-ltr align-start para-style-body\"><span style=\"color: #000000;\"><strong><span class=\"OYPEnA font-feature-liga-off font-feature-clig-off font-feature-calt-off text-decoration-none text-strikethrough-none\">P\u0159edpokl\u00e1dan\u00e1 \u00farove\u0148:<\/span><\/strong><span class=\"OYPEnA font-feature-liga-off font-feature-clig-off font-feature-calt-off text-decoration-none text-strikethrough-none\"> jak\u00e1koliv &#8211; od \u00fapln\u00fdch za\u010d\u00e1te\u010dn\u00edk\u016f po pokro\u010dil\u00e9<\/span><\/span><\/p>\n<p class=\"cvGsUA direction-ltr align-start para-style-body\"><span style=\"color: #000000;\"><strong><span class=\"OYPEnA font-feature-liga-off font-feature-clig-off font-feature-calt-off text-decoration-none text-strikethrough-none\">Kapacita \u00fa\u010dastn\u00edk\u016f:<\/span><\/strong><span class=\"OYPEnA font-feature-liga-off font-feature-clig-off font-feature-calt-off text-decoration-none text-strikethrough-none\"> 65<\/span><\/span><\/p>\n<p class=\"cvGsUA direction-ltr align-start para-style-body\"><span style=\"text-decoration: underline;\"><strong><span class=\"OYPEnA font-feature-liga-off font-feature-clig-off font-feature-calt-off text-decoration-none text-strikethrough-none\" style=\"color: #000000; text-decoration: underline;\">N\u00e1pl\u0148 kurz\u016f:<\/span><\/strong><\/span><\/p>\n<p class=\"cvGsUA direction-ltr align-start para-style-body\"><span class=\"OYPEnA font-feature-liga-off font-feature-clig-off font-feature-calt-off text-decoration-none text-strikethrough-none\" style=\"color: #000000;\">\u2013 ka\u017edodenn\u00ed individu\u00e1ln\u00ed a skupinov\u00e9 lekce se \u0161pi\u010dkov\u00fdmi lektory*kami z \u010cech a Slovenska<\/span><\/p>\n<p class=\"cvGsUA direction-ltr align-start para-style-body\"><span class=\"OYPEnA font-feature-liga-off font-feature-clig-off font-feature-calt-off text-decoration-none text-strikethrough-none\" style=\"color: #000000;\">\u2013 interaktivn\u00ed hry v t\u00fdmech s anim\u00e1tory*kami<\/span><\/p>\n<p class=\"cvGsUA direction-ltr align-start para-style-body\"><span class=\"OYPEnA font-feature-liga-off font-feature-clig-off font-feature-calt-off text-decoration-none text-strikethrough-none\" style=\"color: #000000;\">\u2013 aktivity propojen\u00e9 s r\u016fzn\u00fdmi hudebn\u00edmi a um\u011bleck\u00fdmi aspekty (kreativn\u00ed improvizace, aktivn\u00ed poslech, dramatick\u00e9 a v\u00fdtvarn\u00e9 interakce, apod.)<\/span><\/p>\n<p class=\"cvGsUA direction-ltr align-start para-style-body\"><span class=\"OYPEnA font-feature-liga-off font-feature-clig-off font-feature-calt-off text-decoration-none text-strikethrough-none\" style=\"color: #000000;\">\u2013 v\u00fdlety do p\u0159\u00edrody<\/span><\/p>\n<p class=\"cvGsUA direction-ltr align-start para-style-body\"><span class=\"OYPEnA font-feature-liga-off font-feature-clig-off font-feature-calt-off text-decoration-none text-strikethrough-none\" style=\"color: #000000;\">\u2013 ve\u010dern\u00ed program ve form\u011b koncert\u016f, p\u0159edn\u00e1\u0161ek nebo workshop\u016f<\/span><\/p>\n<p class=\"cvGsUA direction-ltr align-start para-style-body\"><span class=\"OYPEnA font-feature-liga-off font-feature-clig-off font-feature-calt-off text-decoration-none text-strikethrough-none\" style=\"color: #000000;\">\u2013 zaj\u00edmav\u00ed host\u00e9 z \u010cech i zahrani\u010d\u00ed<\/span><\/p>\n<p class=\"cvGsUA direction-ltr align-start para-style-body\"><span class=\"OYPEnA font-feature-liga-off font-feature-clig-off font-feature-calt-off text-decoration-none text-strikethrough-none\" style=\"color: #000000;\">\u2013 z\u00e1v\u011bre\u010dn\u00e9 koncerty \u00fa\u010dastn\u00edk\u016f*nic kurz\u016f<\/span><\/p>\t\t\t\t\t\t\t\t<\/div>\n\t\t\t\t<\/div>\n\t\t\t\t\t<\/div>\n\t\t\t\t<\/div>\n\t\t\t\t<\/div>\n\t\t","protected":false},"excerpt":{"rendered":"<p>letn\u00ed cimb\u00e1lov\u00e9 kurzy19. &#8211; 26. 7. 2026 P\u0159ihl\u00e1\u0161ka M\u00edsto: hotel Partyz\u00e1n Mor\u00e1vka Cena: 6900,- K\u010d (cena zahrnuje kurzovn\u00e9, plnou penzi a ubytov\u00e1n\u00ed) Doporu\u010den\u00fd v\u011bk: 6 \u2013 cca 18 let P\u0159edpokl\u00e1dan\u00e1 \u00farove\u0148: jak\u00e1koliv &#8211; od \u00fapln\u00fdch za\u010d\u00e1te\u010dn\u00edk\u016f po pokro\u010dil\u00e9 Kapacita \u00fa\u010dastn\u00edk\u016f: 65 N\u00e1pl\u0148 kurz\u016f: \u2013 ka\u017edodenn\u00ed individu\u00e1ln\u00ed a skupinov\u00e9 lekce se \u0161pi\u010dkov\u00fdmi lektory*kami z \u010cech a [&hellip;]<\/p>\n","protected":false},"author":1,"featured_media":0,"parent":0,"menu_order":0,"comment_status":"closed","ping_status":"closed","template":"","meta":{"footnotes":""},"class_list":["post-17","page","type-page","status-publish","hentry"],"_links":{"self":[{"href":"https:\/\/www.cimbalovekurzy.cz\/index.php?rest_route=\/wp\/v2\/pages\/17","targetHints":{"allow":["GET"]}}],"collection":[{"href":"https:\/\/www.cimbalovekurzy.cz\/index.php?rest_route=\/wp\/v2\/pages"}],"about":[{"href":"https:\/\/www.cimbalovekurzy.cz\/index.php?rest_route=\/wp\/v2\/types\/page"}],"author":[{"embeddable":true,"href":"https:\/\/www.cimbalovekurzy.cz\/index.php?rest_route=\/wp\/v2\/users\/1"}],"replies":[{"embeddable":true,"href":"https:\/\/www.cimbalovekurzy.cz\/index.php?rest_route=%2Fwp%2Fv2%2Fcomments&post=17"}],"version-history":[{"count":100,"href":"https:\/\/www.cimbalovekurzy.cz\/index.php?rest_route=\/wp\/v2\/pages\/17\/revisions"}],"predecessor-version":[{"id":507,"href":"https:\/\/www.cimbalovekurzy.cz\/index.php?rest_route=\/wp\/v2\/pages\/17\/revisions\/507"}],"wp:attachment":[{"href":"https:\/\/www.cimbalovekurzy.cz\/index.php?rest_route=%2Fwp%2Fv2%2Fmedia&parent=17"}],"curies":[{"name":"wp","href":"https:\/\/api.w.org\/{rel}","templated":true}]}}