{"id":225,"date":"2025-04-05T17:40:12","date_gmt":"2025-04-05T15:40:12","guid":{"rendered":"https:\/\/www.cimbalovekurzy.cz\/?page_id=225"},"modified":"2025-04-05T17:53:48","modified_gmt":"2025-04-05T15:53:48","slug":"kontakt","status":"publish","type":"page","link":"https:\/\/www.cimbalovekurzy.cz\/?page_id=225","title":{"rendered":"Kontakt"},"content":{"rendered":"\t\t<div data-elementor-type=\"wp-page\" data-elementor-id=\"225\" class=\"elementor elementor-225\">\n\t\t\t\t<div class=\"elementor-element elementor-element-443009d e-flex e-con-boxed e-con e-parent\" data-id=\"443009d\" data-element_type=\"container\" data-settings=\"{&quot;background_background&quot;:&quot;classic&quot;}\">\n\t\t\t\t\t<div class=\"e-con-inner\">\n\t\t\t\t\t<\/div>\n\t\t\t\t<\/div>\n\t\t<div class=\"elementor-element elementor-element-fba3daa e-flex e-con-boxed e-con e-parent\" data-id=\"fba3daa\" data-element_type=\"container\">\n\t\t\t\t\t<div class=\"e-con-inner\">\n\t\t\t\t<div class=\"elementor-element elementor-element-eb3ef77 elementor-widget elementor-widget-heading\" data-id=\"eb3ef77\" data-element_type=\"widget\" data-widget_type=\"heading.default\">\n\t\t\t\t<div class=\"elementor-widget-container\">\n\t\t\t\t\t<h2 class=\"elementor-heading-title elementor-size-default\">kontakt<\/h2>\t\t\t\t<\/div>\n\t\t\t\t<\/div>\n\t\t\t\t\t<\/div>\n\t\t\t\t<\/div>\n\t\t<div class=\"elementor-element elementor-element-03e2552 e-flex e-con-boxed e-con e-parent\" data-id=\"03e2552\" data-element_type=\"container\">\n\t\t\t\t\t<div class=\"e-con-inner\">\n\t\t\t\t<div class=\"elementor-element elementor-element-b726d39 elementor-widget elementor-widget-text-editor\" data-id=\"b726d39\" data-element_type=\"widget\" data-widget_type=\"text-editor.default\">\n\t\t\t\t<div class=\"elementor-widget-container\">\n\t\t\t\t\t\t\t\t\t<p><span style=\"color: #000000;\"><strong>Letn\u00ed a podzimn\u00ed kurzy:<\/strong><\/span><\/p><p><span style=\"color: #000000;\">Michal Grombi\u0159\u00edk<\/span><\/p><p><span style=\"color: #000000;\">grombirik.m@gmail.com<\/span><\/p><p>\u00a0<\/p><p><span style=\"color: #000000;\"><strong>Pedagogick\u00e9 kurzy:<\/strong><\/span><\/p><p><span style=\"color: #000000;\">Barbora Jago\u0161ov\u00e1<\/span><\/p><p><span style=\"color: #000000;\">jagosovabarbora@gmail.com<\/span><\/p>\t\t\t\t\t\t\t\t<\/div>\n\t\t\t\t<\/div>\n\t\t\t\t\t<\/div>\n\t\t\t\t<\/div>\n\t\t\t\t<\/div>\n\t\t","protected":false},"excerpt":{"rendered":"<p>kontakt Letn\u00ed a podzimn\u00ed kurzy: Michal Grombi\u0159\u00edk grombirik.m@gmail.com \u00a0 Pedagogick\u00e9 kurzy: Barbora Jago\u0161ov\u00e1 jagosovabarbora@gmail.com<\/p>\n","protected":false},"author":1,"featured_media":0,"parent":0,"menu_order":0,"comment_status":"closed","ping_status":"closed","template":"","meta":{"footnotes":""},"class_list":["post-225","page","type-page","status-publish","hentry"],"_links":{"self":[{"href":"https:\/\/www.cimbalovekurzy.cz\/index.php?rest_route=\/wp\/v2\/pages\/225","targetHints":{"allow":["GET"]}}],"collection":[{"href":"https:\/\/www.cimbalovekurzy.cz\/index.php?rest_route=\/wp\/v2\/pages"}],"about":[{"href":"https:\/\/www.cimbalovekurzy.cz\/index.php?rest_route=\/wp\/v2\/types\/page"}],"author":[{"embeddable":true,"href":"https:\/\/www.cimbalovekurzy.cz\/index.php?rest_route=\/wp\/v2\/users\/1"}],"replies":[{"embeddable":true,"href":"https:\/\/www.cimbalovekurzy.cz\/index.php?rest_route=%2Fwp%2Fv2%2Fcomments&post=225"}],"version-history":[{"count":19,"href":"https:\/\/www.cimbalovekurzy.cz\/index.php?rest_route=\/wp\/v2\/pages\/225\/revisions"}],"predecessor-version":[{"id":252,"href":"https:\/\/www.cimbalovekurzy.cz\/index.php?rest_route=\/wp\/v2\/pages\/225\/revisions\/252"}],"wp:attachment":[{"href":"https:\/\/www.cimbalovekurzy.cz\/index.php?rest_route=%2Fwp%2Fv2%2Fmedia&parent=225"}],"curies":[{"name":"wp","href":"https:\/\/api.w.org\/{rel}","templated":true}]}}